{"id":23,"date":"2021-03-02T08:46:34","date_gmt":"2021-03-02T07:46:34","guid":{"rendered":"http:\/\/blog.nordland.online\/?page_id=23"},"modified":"2022-03-20T14:47:15","modified_gmt":"2022-03-20T13:47:15","slug":"ueber-mich","status":"publish","type":"page","link":"https:\/\/blog.nordland.online\/","title":{"rendered":"\u00dcber mich"},"content":{"rendered":"\n<p>Die Natur hat etwas Anziehendes und ohne sie f\u00fchle ich mich entwurzelt, entfernt von zuhause. Inmitten von W\u00e4ldern, Seen, Flora und Fauna erwache ich wie ein W\u00fcstenkorn nach dem ersten herbeigesehnten Regen. Dazu kommen im Norden Orte die mystisch wirken. Pl\u00e4tze an denen das Auenland der Hobbits und nicht weit entfernt das Land Mordor regiert. Nein es sind keine Monster, auch wenn man diese in den Felsen zu erkennen glaubt, es ist die Natur die hier ein anderes Gesicht zeigt und vom freundlichen Angesicht des S\u00fcdens in den Ehrfurcht einfl\u00f6ssenden Herrscher wechselt. Eisw\u00fcsten und deren Bewohner die Inuit pr\u00e4gten eine v\u00f6llig andere Kultur. Die Wikinger dr\u00fcckten wie wohl kein anderes Volk dieser Gegend ihren Stempel auf. Dennoch sind die Menschen des Nordens freundlich und einf\u00fchlsam. Die Natur lehrte sie, dass ihr \u00dcberleben zuweilen von einer guten Nachbarschaft abh\u00e4ngen konnte. Besucher heute erleben die K\u00fchle der Natur ebenso, wie die Hitze der finnischen Saunen oder die wohl temperierten B\u00e4der Islands, sei es in der Natur oder in Schwimmb\u00e4dern. Wer sich mit dem Norden einl\u00e4\u00dft wird alle Sinne einsetzen um zu erleben zu erfahren und gelegentlich, wenn auch selten, zu \u00fcberleben.<\/p>\n\n\n\n<p><em>Reykjavik, 2.3.2021<\/em>,  Rohan Stefan Nandkisore<\/p>\n","protected":false},"excerpt":{"rendered":"<p>Die Natur hat etwas Anziehendes und ohne sie f\u00fchle ich mich entwurzelt, entfernt von zuhause. Inmitten von W\u00e4ldern, Seen, Flora und Fauna erwache ich wie ein W\u00fcstenkorn nach dem ersten herbeigesehnten Regen. Dazu kommen im Norden Orte die mystisch wirken. Pl\u00e4tze an denen das Auenland der Hobbits und nicht weit entfernt das Land Mordor regiert. &hellip; <\/p>\n<p class=\"link-more\"><a href=\"https:\/\/blog.nordland.online\/\" class=\"more-link\"><span class=\"screen-reader-text\">\u201e\u00dcber mich\u201c<\/span> weiterlesen<\/a><\/p>\n","protected":false},"author":1,"featured_media":0,"parent":0,"menu_order":0,"comment_status":"closed","ping_status":"closed","template":"","meta":{"footnotes":""},"class_list":["post-23","page","type-page","status-publish","hentry"],"_links":{"self":[{"href":"https:\/\/blog.nordland.online\/index.php?rest_route=\/wp\/v2\/pages\/23","targetHints":{"allow":["GET"]}}],"collection":[{"href":"https:\/\/blog.nordland.online\/index.php?rest_route=\/wp\/v2\/pages"}],"about":[{"href":"https:\/\/blog.nordland.online\/index.php?rest_route=\/wp\/v2\/types\/page"}],"author":[{"embeddable":true,"href":"https:\/\/blog.nordland.online\/index.php?rest_route=\/wp\/v2\/users\/1"}],"replies":[{"embeddable":true,"href":"https:\/\/blog.nordland.online\/index.php?rest_route=%2Fwp%2Fv2%2Fcomments&post=23"}],"version-history":[{"count":1,"href":"https:\/\/blog.nordland.online\/index.php?rest_route=\/wp\/v2\/pages\/23\/revisions"}],"predecessor-version":[{"id":25,"href":"https:\/\/blog.nordland.online\/index.php?rest_route=\/wp\/v2\/pages\/23\/revisions\/25"}],"wp:attachment":[{"href":"https:\/\/blog.nordland.online\/index.php?rest_route=%2Fwp%2Fv2%2Fmedia&parent=23"}],"curies":[{"name":"wp","href":"https:\/\/api.w.org\/{rel}","templated":true}]}}